{"id":90,"date":"2022-09-09T15:11:47","date_gmt":"2022-09-09T13:11:47","guid":{"rendered":"https:\/\/elias.nusstobel.de\/startseite\/impressum\/"},"modified":"2022-11-02T11:56:02","modified_gmt":"2022-11-02T10:56:02","slug":"impressum","status":"publish","type":"page","link":"https:\/\/elias.nusstobel.de\/startseite\/impressum\/","title":{"rendered":"Impressum"},"content":{"rendered":"<h1>Impressum<\/h1>\n<p><b>Dienstanbieter:<\/b><br \/>\nmikewarth media<br \/>\nMichael H\u00f6llwarth<br \/>\nNu\u00dftobel 20<br \/>\n73614 Schorndorf<\/p>\n<p>Tel.: 07181 \/ 480411<br \/>\nE-Mail: m.hoellwarth@mwg.de<\/p>\n<p>USt-IdNr.: DE218934146<\/p>\n<p>Inhaltlich Verantwortlicher gem\u00e4\u00df Artikel 1 \u00a7 6 MDStV: Michael H\u00f6llwarth<\/p>\n<p><b>Haftungshinweis:<\/b><br \/>\nTrotz sorgf\u00e4ltiger inhaltlicher Kontrolle \u00fcbernehmen wir keine Haftung f\u00fcr die Inhalte externer Links. F\u00fcr den Inhalt der verlinkten Seiten sind ausschlie\u00dflich deren Betreiber verantwortlich.<\/p>\n<div class=\"woocommerce woocommerce-gzd woocommerce-gzd-complaints-shortcode\">\n\t\t\t<h3>Alternative Streitbeilegung gem\u00e4\u00df Art. 14 Abs. 1 ODR-VO und \u00a7 36 VSBG:<\/h3>\n\t\nZur Teilnahme an einem Streitbeilegungsverfahren vor einer Verbraucherschlichtungsstelle sind wir nicht verpflichtet und nicht bereit.<\/div>\n","protected":false},"excerpt":{"rendered":"<p>Impressum Dienstanbieter: mikewarth media Michael H\u00f6llwarth Nu\u00dftobel 20 73614 Schorndorf Tel.: 07181 \/ 480411 E-Mail: m.hoellwarth@mwg.de USt-IdNr.: DE218934146 Inhaltlich Verantwortlicher gem\u00e4\u00df Artikel 1 \u00a7 6 MDStV: Michael H\u00f6llwarth Haftungshinweis: Trotz sorgf\u00e4ltiger inhaltlicher Kontrolle \u00fcbernehmen wir keine Haftung f\u00fcr die Inhalte externer Links. F\u00fcr den Inhalt der verlinkten Seiten sind ausschlie\u00dflich deren Betreiber verantwortlich.<\/p>\n","protected":false},"author":1,"featured_media":0,"parent":0,"menu_order":0,"comment_status":"closed","ping_status":"closed","template":"","meta":{"footnotes":""},"class_list":["post-90","page","type-page","status-publish","hentry"],"_links":{"self":[{"href":"https:\/\/elias.nusstobel.de\/startseite\/wp-json\/wp\/v2\/pages\/90","targetHints":{"allow":["GET"]}}],"collection":[{"href":"https:\/\/elias.nusstobel.de\/startseite\/wp-json\/wp\/v2\/pages"}],"about":[{"href":"https:\/\/elias.nusstobel.de\/startseite\/wp-json\/wp\/v2\/types\/page"}],"author":[{"embeddable":true,"href":"https:\/\/elias.nusstobel.de\/startseite\/wp-json\/wp\/v2\/users\/1"}],"replies":[{"embeddable":true,"href":"https:\/\/elias.nusstobel.de\/startseite\/wp-json\/wp\/v2\/comments?post=90"}],"version-history":[{"count":2,"href":"https:\/\/elias.nusstobel.de\/startseite\/wp-json\/wp\/v2\/pages\/90\/revisions"}],"predecessor-version":[{"id":181,"href":"https:\/\/elias.nusstobel.de\/startseite\/wp-json\/wp\/v2\/pages\/90\/revisions\/181"}],"wp:attachment":[{"href":"https:\/\/elias.nusstobel.de\/startseite\/wp-json\/wp\/v2\/media?parent=90"}],"curies":[{"name":"wp","href":"https:\/\/api.w.org\/{rel}","templated":true}]}}